{"id":2,"date":"2011-03-12T21:49:25","date_gmt":"2011-03-12T21:49:25","guid":{"rendered":"http:\/\/fjm-ritter.de\/Aktuell\/?page_id=2"},"modified":"2023-05-01T07:37:26","modified_gmt":"2023-05-01T07:37:26","slug":"beispiel-seite","status":"publish","type":"page","link":"https:\/\/fjm-ritter.de\/Aktuell\/?page_id=2","title":{"rendered":"Mehr Informationen"},"content":{"rendered":"<p><strong>*** BITTE UNBEDINGT ERST LESEN!!!<\/strong><\/p>\n<p><strong>Durch die Registrierung in diesem Glaubensforum.eu (oder *.de &#8211; und allen anderen zugewiesenen Seiten &#8211; zeit.is &#8211; ecclesiaeveritas.net &#8211; vulgata.info &#8211; FJM &#8211; FJM-Ritter &#8211; usw.- , wo man schreiben kann, darf und soll) stimmen Sie den folgenden Nutzungsbedingungen zu<\/strong>:<\/p>\n<p>Wir \u00fcbernehmen keine Verantwortung f\u00fcr die Inhalte der durch die Nutzer verfassten Beitr\u00e4ge. Jeder Nutzer ist selbst daf\u00fcr verantwortlich, dass seine Beitr\u00e4ge nicht gegen Gesetze oder gegen Rechte Dritter (<em>u.a. Autoren- &amp; Verlagsrechte<\/em>) versto\u00dfen. Dies gilt sowohl f\u00fcr den direkt sichtbaren Teil des Beitrages wie auch f\u00fcr im Beitrag enthaltene Links.<\/p>\n<p>hier: <a href=\"http:\/\/radio.team\/nutzungsbedingungen-unserer-internetseiten.html\" target=\"_blank\" rel=\"noopener\">weiterlesen<\/a>!!!<!--more--><\/p>\n<p>Wer hier schreiben m\u00f6chte, muss sich registrieren. Dazu ist eine g\u00fcltige Mailadresse erforderlich. Fremdbeitr\u00e4ge \/ Kommentare werden vom Admin moderiert.<\/p>\n","protected":false},"excerpt":{"rendered":"<p>*** BITTE UNBEDINGT ERST LESEN!!! Durch die Registrierung in diesem Glaubensforum.eu (oder *.de &#8211; und allen anderen zugewiesenen Seiten &#8211; zeit.is &#8211; ecclesiaeveritas.net &#8211; vulgata.info &#8211; FJM &#8211; FJM-Ritter &#8211; usw.- , wo man schreiben kann, darf und soll) stimmen &hellip; <a href=\"https:\/\/fjm-ritter.de\/Aktuell\/?page_id=2\">Weiterlesen <span class=\"meta-nav\">&rarr;<\/span><\/a><\/p>\n","protected":false},"author":9,"featured_media":0,"parent":0,"menu_order":9,"comment_status":"open","ping_status":"closed","template":"","meta":{"footnotes":""},"class_list":["post-2","page","type-page","status-publish","hentry"],"_links":{"self":[{"href":"https:\/\/fjm-ritter.de\/Aktuell\/index.php?rest_route=\/wp\/v2\/pages\/2","targetHints":{"allow":["GET"]}}],"collection":[{"href":"https:\/\/fjm-ritter.de\/Aktuell\/index.php?rest_route=\/wp\/v2\/pages"}],"about":[{"href":"https:\/\/fjm-ritter.de\/Aktuell\/index.php?rest_route=\/wp\/v2\/types\/page"}],"author":[{"embeddable":true,"href":"https:\/\/fjm-ritter.de\/Aktuell\/index.php?rest_route=\/wp\/v2\/users\/9"}],"replies":[{"embeddable":true,"href":"https:\/\/fjm-ritter.de\/Aktuell\/index.php?rest_route=%2Fwp%2Fv2%2Fcomments&post=2"}],"version-history":[{"count":12,"href":"https:\/\/fjm-ritter.de\/Aktuell\/index.php?rest_route=\/wp\/v2\/pages\/2\/revisions"}],"predecessor-version":[{"id":5797,"href":"https:\/\/fjm-ritter.de\/Aktuell\/index.php?rest_route=\/wp\/v2\/pages\/2\/revisions\/5797"}],"wp:attachment":[{"href":"https:\/\/fjm-ritter.de\/Aktuell\/index.php?rest_route=%2Fwp%2Fv2%2Fmedia&parent=2"}],"curies":[{"name":"wp","href":"https:\/\/api.w.org\/{rel}","templated":true}]}}