{"id":429,"date":"2012-02-12T13:05:14","date_gmt":"2012-02-12T13:05:14","guid":{"rendered":"http:\/\/fjm-ritter.de\/Aktuell\/?page_id=429"},"modified":"2025-04-07T09:52:54","modified_gmt":"2025-04-07T07:52:54","slug":"protentatismus-in-der-katholischen-kirche","status":"publish","type":"page","link":"https:\/\/fjm-ritter.de\/Aktuell\/?page_id=429","title":{"rendered":"Protentatismus in der katholischen Kirche"},"content":{"rendered":"<h1><a href=\"http:\/\/de.wikipedia.org\/wiki\/Protestantismus\" target=\"_blank\" rel=\"noopener\">Protentatismus<\/a> in der katholischen Kirche<\/h1>\n<p>Das Thema ist so umfassend, und sicher nicht einfach &#8230;<br \/>\ndennoch m\u00f6chte ich versuchen &#8211; nach meiner Kenntnis &#8211; den Werdegang, Hintergr\u00fcnde usw. &#8211; hier einmal aufzulisten. Insbesondere auch der Konsequenzen!<\/p>\n<blockquote>\n<pre><span style=\"color: #ff0000;\">Und ich bitte zur Kenntnis zu nehmen, dass ich noch an den Seiten arbeite, ergo noch nicht vollendet sind. Vorschl\u00e4ge - Gegenargumente und passende Belege PRO &amp; CONTRA d\u00fcrfen gerne noch eingef\u00fcgt (ergo: Mir zugesandt) werden. Vergelts Gott f\u00fcr das Mitwirken! <\/span><\/pre>\n<\/blockquote>\n<p>Darum werden wir div. Themen beginnen \/ zur Diskussion stellen &#8230;<\/p>\n<ul>\n<li><a href=\"https:\/\/fjm-ritter.de\/Aktuell\/?p=7986\" target=\"_blank\" rel=\"noopener\">Was ist der Unterschied zwischen evangelisch und katholisch<\/a> &#8230;<\/li>\n<li><a href=\"https:\/\/fjm-ritter.de\/Aktuell\/?p=456\" target=\"_blank\" rel=\"noopener\">Die Geschichte der Gegens\u00e4tzlichkeiten unter den Christen<\/a> &#8230;<\/li>\n<li><a href=\"https:\/\/fjm-ritter.de\/Aktuell\/?p=462\" target=\"_blank\" rel=\"noopener\">Der wahre \/ falsche Weg der \u00d6kumene im Sinne des 2. Vaticanum<\/a> &#8230;<\/li>\n<li><a href=\"https:\/\/fjm-ritter.de\/Aktuell\/?p=413\" target=\"_blank\" rel=\"noopener\">(un-)g\u00fclige Weihen von Diakonen \/ Priester &#8230;<\/a><\/li>\n<li><a href=\"https:\/\/fjm-ritter.de\/Aktuell\/?p=465\" target=\"_blank\" rel=\"noopener\">Katholische Kirche vor der \/ in Spaltung<\/a> &#8230;<\/li>\n<li>von der (un-)wahren Liebe zu Jesus Christus und Seiner Kirche &#8230;<\/li>\n<li><a href=\"https:\/\/fjm-ritter.de\/Aktuell\/?p=436\" target=\"_blank\" rel=\"noopener\">Allgemeiner Zwang zum Ungehorsam gefordert<\/a> &#8230;<\/li>\n<\/ul>\n<p>Wer m\u00f6chte darf gerne Textvorschl\u00e4ge machen.<\/p>\n<p>F\u00fcr alle die meinen, dass das nicht rechtm\u00e4\u00dfig ist, laden wir ein den <a href=\"http:\/\/www.vatican.va\/holy_father\/benedict_xvi\/messages\/lent\/documents\/hf_ben-xvi_mes_20111103_lent-2012_ge.html\" target=\"_blank\" rel=\"noopener\">Fastenbrief 2012<\/a>, von Papst Benedikt XVI. zu lesen und mit uns gemeinsam zu leben.<\/p>\n<p>[<span style=\"color: #ff0000;\">Achtung<\/span>: Es geht in diesen Beitr\u00e4gen nicht, um mit andere Gemeinschaften christlicher Wurzeln, sondern was der r\u00f6mlisch katholischen Kirche geschenkt wurde, und einige (<em>auch Verantwortliche<\/em>) daraus machen. Es geht auch nicht darum Personen oder einzelne Pfarreien anzuklagen, sondern den IST-Zustand zu beschreiben und dessen Weg, auf dem sie uns einzwingen wollen, zu hinterfragen. Dabei nehmen wir ausdr\u00fccklich als Ma\u00dfstab die Lehre Jesu Christi, die Heilige Schrift, die Tradition der christlichen Kirche von Anbeginn und ihre K\u00e4mpfe bis zum heutigen Tag; das p\u00e4pstliche Lehramt. In diesem Sinne soll es ein Spiegel f\u00fcr uns selbst werden, wo wir stehen und wo wir hingehen!]<\/p>\n","protected":false},"excerpt":{"rendered":"<p>Protentatismus in der katholischen Kirche Das Thema ist so umfassend, und sicher nicht einfach &#8230; dennoch m\u00f6chte ich versuchen &#8211; nach meiner Kenntnis &#8211; den Werdegang, Hintergr\u00fcnde usw. &#8211; hier einmal aufzulisten. Insbesondere auch der Konsequenzen! Und ich bitte zur &hellip; <a href=\"https:\/\/fjm-ritter.de\/Aktuell\/?page_id=429\">Weiterlesen <span class=\"meta-nav\">&rarr;<\/span><\/a><\/p>\n","protected":false},"author":9,"featured_media":0,"parent":0,"menu_order":2,"comment_status":"open","ping_status":"closed","template":"sidebar-page.php","meta":{"footnotes":""},"class_list":["post-429","page","type-page","status-publish","hentry"],"_links":{"self":[{"href":"https:\/\/fjm-ritter.de\/Aktuell\/index.php?rest_route=\/wp\/v2\/pages\/429","targetHints":{"allow":["GET"]}}],"collection":[{"href":"https:\/\/fjm-ritter.de\/Aktuell\/index.php?rest_route=\/wp\/v2\/pages"}],"about":[{"href":"https:\/\/fjm-ritter.de\/Aktuell\/index.php?rest_route=\/wp\/v2\/types\/page"}],"author":[{"embeddable":true,"href":"https:\/\/fjm-ritter.de\/Aktuell\/index.php?rest_route=\/wp\/v2\/users\/9"}],"replies":[{"embeddable":true,"href":"https:\/\/fjm-ritter.de\/Aktuell\/index.php?rest_route=%2Fwp%2Fv2%2Fcomments&post=429"}],"version-history":[{"count":29,"href":"https:\/\/fjm-ritter.de\/Aktuell\/index.php?rest_route=\/wp\/v2\/pages\/429\/revisions"}],"predecessor-version":[{"id":7989,"href":"https:\/\/fjm-ritter.de\/Aktuell\/index.php?rest_route=\/wp\/v2\/pages\/429\/revisions\/7989"}],"wp:attachment":[{"href":"https:\/\/fjm-ritter.de\/Aktuell\/index.php?rest_route=%2Fwp%2Fv2%2Fmedia&parent=429"}],"curies":[{"name":"wp","href":"https:\/\/api.w.org\/{rel}","templated":true}]}}