{"id":787,"date":"2012-10-10T15:57:14","date_gmt":"2012-10-10T15:57:14","guid":{"rendered":"http:\/\/fjm-ritter.de\/Aktuell\/?page_id=787"},"modified":"2014-02-04T09:30:21","modified_gmt":"2014-02-04T09:30:21","slug":"jahr-des-glaubens","status":"publish","type":"page","link":"https:\/\/fjm-ritter.de\/Aktuell\/?page_id=787","title":{"rendered":"Jahr des Glaubens"},"content":{"rendered":"<p>hier ist ein Verzeichnis der Beitr\u00e4ge, die wir ver\u00f6ffentlicht \/ verlinkt haben<\/p>\n<p><strong>unsere Themen<\/strong>:<br \/>\nzum 11.10.12: <a href=\"https:\/\/fjm-ritter.de\/Aktuell\/?p=782\">Startseite<\/a><br \/>\nWoche o1\u00a0\u2013 <a href=\"https:\/\/fjm-ritter.de\/Aktuell\/?p=799\" target=\"_blank\">Kriege statt Frieden<\/a><br \/>\nWoche o2 \u2013 <a href=\"https:\/\/fjm-ritter.de\/Aktuell\/?p=811\" target=\"_blank\">Der Umgang mit dem Wort Gott<\/a> \u2013 das AT<br \/>\nWoche o3 \u2013 <a href=\"https:\/\/fjm-ritter.de\/Aktuell\/?p=836\" target=\"_blank\">Der Hunger der Welt<\/a><br \/>\nWoche o4 \u2013 <a href=\"https:\/\/fjm-ritter.de\/Aktuell\/?p=850\" target=\"_blank\">Die Bibel verstehen<\/a> \u2013 das NT<br \/>\nWoche o5 \u2013 <a href=\"https:\/\/fjm-ritter.de\/Aktuell\/?p=875\" target=\"_blank\">wachsende Katastrophen, wohin man schaut<\/a><br \/>\nWoche o6 \u2013 <a href=\"https:\/\/fjm-ritter.de\/Aktuell\/?p=884\" target=\"_blank\">Die Gottesordnung<\/a> I.<br \/>\nWoche o7 \u2013 <a href=\"https:\/\/fjm-ritter.de\/Aktuell\/?p=896\" target=\"_blank\">mag Finsternis uns umh\u00fcllen<\/a><br \/>\n<strong><span style=\"color: #993366;\">Adventswochen<\/span><\/strong>: Themen zum Advent:<br \/>\n* 1. Advent \u2013 <a href=\"https:\/\/fjm-ritter.de\/Aktuell\/?p=902\" target=\"_blank\">Wir warten Herr<\/a><br \/>\n* 2. Advent \u2013 <a href=\"https:\/\/fjm-ritter.de\/Aktuell\/?p=908\" target=\"_blank\">Komm, Herr Jesus<\/a><br \/>\n* 3. Advent \u2013 <a href=\"https:\/\/fjm-ritter.de\/Aktuell\/?p=924\" target=\"_blank\">und wir sollen schon jubeln<\/a><br \/>\n* 4. Advent \u2013 <a href=\"https:\/\/fjm-ritter.de\/Aktuell\/?p=935\" target=\"_blank\">einmal werden wir noch wach<\/a><br \/>\n<span style=\"color: #000080;\"><strong>Weihnachten<\/strong><\/span>: <a href=\"https:\/\/fjm-ritter.de\/Aktuell\/?p=943\" target=\"_blank\">Ein Wort zur Weihnacht \/ zum Jahreswechsel 2013<\/a><br \/>\nWoche 12 \u2013 <a href=\"https:\/\/fjm-ritter.de\/Aktuell\/?p=951\" target=\"_blank\">Mein Versprechen \/ Gel\u00f6bnis, was is es wert?<\/a><br \/>\nWoche 13 \u2013 <a href=\"https:\/\/fjm-ritter.de\/Aktuell\/?p=972\">die Liturgie<\/a><br \/>\nWoche 14 \u2013 <a href=\"https:\/\/fjm-ritter.de\/Aktuell\/?p=986\">Auswege auf der Unordnung<\/a><br \/>\nWoche 15\u00a0\u2013 <a href=\"https:\/\/fjm-ritter.de\/Aktuell\/?p=993\">Der Geist des Zweiten Vaticanum<\/a><br \/>\nWoche 16\u00a0\u2013 <a href=\"https:\/\/fjm-ritter.de\/Aktuell\/?p=1006\">liturgisch approbierte Texte<\/a><br \/>\nWoche 17 \u2013 <a href=\"https:\/\/fjm-ritter.de\/Aktuell\/?p=1013\">von der Gestaltung &#8230; im Gro\u00dfen wie im Kleinen<\/a><br \/>\nWoche 18\u00a0\u2013 <a href=\"https:\/\/fjm-ritter.de\/Aktuell\/?p=1028\">der Scheideweg<\/a><br \/>\n<span style=\"color: #ff0000;\"><strong>Fastenwochen<\/strong><\/span>: Themen zur Fastenzeit<br \/>\n* 1. Fastenwoche\u00a0\u2013 <a href=\"https:\/\/fjm-ritter.de\/Aktuell\/?p=1037\">zum Papstr\u00fccktritt (<em>der 10the<\/em>)<\/a><br \/>\n* 2. Fastenwoche\u00a0\u2013 <a href=\"https:\/\/fjm-ritter.de\/Aktuell\/?p=1048\">Glauben, trotz allem &#8211; oder jetzt erst recht<\/a><br \/>\n* 3. Fastenwoche\u00a0\u2013 <a href=\"https:\/\/fjm-ritter.de\/Aktuell\/?p=1104\">Gott kommt den Menschen entgegen<\/a><br \/>\n* 4. Fastenwoche\u00a0\u2013 <a href=\"https:\/\/fjm-ritter.de\/Aktuell\/?p=1090\">Barmherzigkeit will ich, f\u00fcr die, die Umkehren!<\/a><br \/>\n* 5. Fastenwoche\u00a0\u2013 <a href=\"https:\/\/fjm-ritter.de\/Aktuell\/?p=1144\">Habemus Papam Franziskus<\/a><br \/>\n<span style=\"color: #800080;\"><strong>Karwoche\u00a0<\/strong><\/span>\u2013 <a href=\"https:\/\/fjm-ritter.de\/Aktuell\/?p=1163\">von Freud und Leid<\/a><br \/>\n<strong><span style=\"color: #ff0000;\">Osterwoche\u00a0<\/span><\/strong>\u2013 <a href=\"https:\/\/fjm-ritter.de\/Aktuell\/?p=1176\">ohne Worte<\/a><br \/>\nWoche 26\u00a0\u2013 <a title=\"Permalink zu Jahr des Glaubens \u2013 Liturgiehinweis\" href=\"https:\/\/fjm-ritter.de\/Aktuell\/?p=1193\" rel=\"bookmark\">Liturgiehinweis<\/a> I.<br \/>\nWoche 27\u00a0\u2013 <a href=\"https:\/\/fjm-ritter.de\/Aktuell\/?p=1204\">Liturgiehinweis<\/a> II.<br \/>\nWoche 28 \u2013 <a href=\"https:\/\/fjm-ritter.de\/Aktuell\/?p=1212\">Gottesordnung<\/a> II.<br \/>\nWoche 29 \u2013 <a href=\"https:\/\/fjm-ritter.de\/Aktuell\/?p=1223\">Es bleibt nur noch das Gebet<\/a><br \/>\nWoche 30 und 31 \u2013 &#8230; <span style=\"color: #ff0000;\">entf\u00e4llt aus technischen Gr\u00fcnden!<\/span><br \/>\n<strong><span style=\"color: #ff0000;\">Pfingsten<\/span> <\/strong>\u2013 <a href=\"https:\/\/fjm-ritter.de\/Aktuell\/?p=1236\">die Unterscheidung der Geister<\/a> I.<br \/>\nWoche 32 <a title=\"Permalink zu zum \u201cJahr des Glaubens\u201d \u2013 des K\u00f6nigs Sauls Herzen kratzen\" href=\"https:\/\/fjm-ritter.de\/Aktuell\/?p=1251\" rel=\"bookmark\">\u2013 des K\u00f6nigs Sauls Herzen kratzen<\/a><br \/>\nWoche 33 \u2013 35 <span style=\"color: #800080;\"><em><strong>Zeit der Stille<\/strong><\/em><\/span><br \/>\nWoche 36\u00a0\u2013 <a href=\"https:\/\/fjm-ritter.de\/Aktuell\/?p=1272\" target=\"_blank\">GOTT<\/a> (<em>Teil 1<\/em>)<br \/>\nWoche 37\u00a0\u2013 <a href=\"https:\/\/fjm-ritter.de\/Aktuell\/?p=1280\">GOTT<\/a> (<em>Teil 2<\/em>)<br \/>\nWoche 38\u00a0\u2013 <a href=\"https:\/\/fjm-ritter.de\/Aktuell\/?p=1294\">GOTT<\/a> (<em>Teil 3<\/em>)<br \/>\nWoche 39\u00a0\u2013 <a href=\"https:\/\/fjm-ritter.de\/Aktuell\/?p=1307\">Sakramente &#8211; Beichte<\/a><br \/>\nWoche 40 \u2013 <a href=\"https:\/\/fjm-ritter.de\/Aktuell\/?p=1314\">Sakramente &#8211; Taufe<br \/>\n<\/a>Woche 41 \u2013 <a href=\"https:\/\/fjm-ritter.de\/Aktuell\/?p=1322\">Von Angesicht zu Angesicht: Der werfe den ersten Stein<\/a>.<br \/>\nWoche 42\u00a0\u2013 <a href=\"https:\/\/fjm-ritter.de\/Aktuell\/?p=1333\">Sakramente &#8211; Weihe<br \/>\n<\/a>Woche 43\u00a0\u2013 <a href=\"https:\/\/fjm-ritter.de\/Aktuell\/?p=1351\">Verworfen<br \/>\n<\/a>Woche 44 \u2013 <a href=\"https:\/\/fjm-ritter.de\/Aktuell\/?p=1363\" target=\"_blank\">die Unterscheidung der Geister II.<br \/>\n<\/a>Woche 45 \u2013 <a href=\"https:\/\/fjm-ritter.de\/Aktuell\/?p=1375\">Fremde G\u00f6tter im katholischen Haus (Herz)<br \/>\n<\/a>Woche 46\u00a0\u2013 <a href=\"https:\/\/fjm-ritter.de\/Aktuell\/?p=1394\">der Kampf gegen die Heiligen Zeichen<\/a><br \/>\nWoche 47\u00a0\u2013 <a href=\"https:\/\/fjm-ritter.de\/Aktuell\/?p=1409\">Mit Angst und Schrecken auf dem Weg<\/a><br \/>\nWoche 48\u00a0\u2013 <a href=\"https:\/\/fjm-ritter.de\/Aktuell\/?p=1423\" rel=\"bookmark\">sich nicht von der Angst beherrschen lassen!<br \/>\n<\/a>Woche 49\u00a0\u2013 <a href=\"https:\/\/fjm-ritter.de\/Aktuell\/?p=1440\">Bau mir Meine Kirche wieder auf<\/a><br \/>\nWoche 50\u00a0\u2013 <a href=\"https:\/\/fjm-ritter.de\/Aktuell\/?p=1448\">jo, Fasten &#8230; was sonst?<\/a><br \/>\nWoche 51 \u2013 <a href=\"https:\/\/fjm-ritter.de\/Aktuell\/?p=1462\">der Unterschied der Geister<\/a><br \/>\nWoche 52\u00a0\u2013 <a href=\"https:\/\/fjm-ritter.de\/Aktuell\/?p=1467\">ein erster Fazit: Ein Jahr zum &#8222;Jahr des Glaubens&#8220;<\/a><br \/>\nWoche 53 \u2013 <a href=\"https:\/\/fjm-ritter.de\/Aktuell\/?p=1477\">\u00fcber Verw\u00fcnschungen und Fl\u00fcche<\/a><br \/>\nWoche 54 \u2013 <a href=\"https:\/\/fjm-ritter.de\/Aktuell\/?p=1496\">Das \u00dcbel mit dem Ende \u2013 Der Tod und das danach<\/a><br \/>\nWoche 55 \u2013 <a href=\"https:\/\/fjm-ritter.de\/Aktuell\/?p=1514\">die Seelen von der anderen Seite<\/a><br \/>\nWoche 56 \u2013 <a href=\"https:\/\/fjm-ritter.de\/Aktuell\/?p=1522\">Mein geliebter Schweinetrog &#8211; statt Hochzeitssaal<\/a><br \/>\nzum 24.11.13 \u2013 <a href=\"https:\/\/fjm-ritter.de\/Aktuell\/?p=1530\">der Petrus = Papst &#8211; und &#8222;mein geliebter Rucksack&#8220;<\/a><\/p>\n<p>weitere Links:<br \/>\n* <a href=\"http:\/\/www.fjm-ritter.info\/cgi-bin\/yabb2\/YaBB.pl?num=1349877576\/0#0\" target=\"_blank\">Glaubensforum, Linkliste zum &#8222;Jahr des Glaubens&#8220;<\/a><br \/>\n* <a href=\"http:\/\/www.fjm-ritter.info\/cgi-bin\/forum\/YaBB.cgi?num=1350063605\/0#0\" target=\"_blank\">Mein letztes Buch &#8222;Ein Wegweiser&#8220; zum herunterladen (PDF-Datei, 2,2 MB)<\/a><\/p>\n","protected":false},"excerpt":{"rendered":"<p>hier ist ein Verzeichnis der Beitr\u00e4ge, die wir ver\u00f6ffentlicht \/ verlinkt haben unsere Themen: zum 11.10.12: Startseite Woche o1\u00a0\u2013 Kriege statt Frieden Woche o2 \u2013 Der Umgang mit dem Wort Gott \u2013 das AT Woche o3 \u2013 Der Hunger der &hellip; <a href=\"https:\/\/fjm-ritter.de\/Aktuell\/?page_id=787\">Weiterlesen <span class=\"meta-nav\">&rarr;<\/span><\/a><\/p>\n","protected":false},"author":9,"featured_media":0,"parent":0,"menu_order":3,"comment_status":"open","ping_status":"closed","template":"sidebar-page.php","meta":{"footnotes":""},"class_list":["post-787","page","type-page","status-publish","hentry"],"_links":{"self":[{"href":"https:\/\/fjm-ritter.de\/Aktuell\/index.php?rest_route=\/wp\/v2\/pages\/787","targetHints":{"allow":["GET"]}}],"collection":[{"href":"https:\/\/fjm-ritter.de\/Aktuell\/index.php?rest_route=\/wp\/v2\/pages"}],"about":[{"href":"https:\/\/fjm-ritter.de\/Aktuell\/index.php?rest_route=\/wp\/v2\/types\/page"}],"author":[{"embeddable":true,"href":"https:\/\/fjm-ritter.de\/Aktuell\/index.php?rest_route=\/wp\/v2\/users\/9"}],"replies":[{"embeddable":true,"href":"https:\/\/fjm-ritter.de\/Aktuell\/index.php?rest_route=%2Fwp%2Fv2%2Fcomments&post=787"}],"version-history":[{"count":133,"href":"https:\/\/fjm-ritter.de\/Aktuell\/index.php?rest_route=\/wp\/v2\/pages\/787\/revisions"}],"predecessor-version":[{"id":1533,"href":"https:\/\/fjm-ritter.de\/Aktuell\/index.php?rest_route=\/wp\/v2\/pages\/787\/revisions\/1533"}],"wp:attachment":[{"href":"https:\/\/fjm-ritter.de\/Aktuell\/index.php?rest_route=%2Fwp%2Fv2%2Fmedia&parent=787"}],"curies":[{"name":"wp","href":"https:\/\/api.w.org\/{rel}","templated":true}]}}